{"id":1140,"date":"2024-02-05T22:01:53","date_gmt":"2024-02-05T20:01:53","guid":{"rendered":"https:\/\/mgv-bierstadt.de\/?page_id=1140"},"modified":"2024-05-04T16:22:39","modified_gmt":"2024-05-04T14:22:39","slug":"jubilaeumskonzert","status":"publish","type":"page","link":"https:\/\/mgv-bierstadt.de\/?page_id=1140","title":{"rendered":"Jubil\u00e4umskonzert"},"content":{"rendered":"\n<h2 class=\"wp-block-heading has-text-align-center has-black-color has-text-color\">Programmheft zum Downloaden: <a href=\"https:\/\/mgv-bierstadt.de\/wp-content\/uploads\/2024\/05\/Programmheft-WEB.pdf\" data-type=\"URL\" data-id=\"https:\/\/mgv-bierstadt.de\/wp-content\/uploads\/2024\/05\/Programmheft-WEB.pdf\" target=\"_blank\" rel=\"noreferrer noopener\">Hier klicken >> <\/a><\/h2>\n\n\n<div class=\"wp-block-image\">\n<figure class=\"aligncenter size-large\"><a class=\"https:\/\/mgv-bierstadt.de\/wp-content\/uploads\/2024\/05\/Programmheft-WEB.pdf\" href=\"https:\/\/mgv-bierstadt.de\/wp-content\/uploads\/2024\/03\/PlakatKonzertWeb-scaled.jpg\" target=\"_blank\" rel=\"https:\/\/mgv-bierstadt.de\/wp-content\/uploads\/2024\/05\/Programmheft-WEB.pdf noreferrer noopener\"><img decoding=\"async\" loading=\"lazy\" width=\"721\" height=\"1024\" src=\"https:\/\/mgv-bierstadt.de\/wp-content\/uploads\/2024\/03\/PlakatKonzertWeb-721x1024.jpg\" alt=\"\" class=\"wp-image-1146\" srcset=\"https:\/\/mgv-bierstadt.de\/wp-content\/uploads\/2024\/03\/PlakatKonzertWeb-721x1024.jpg 721w, https:\/\/mgv-bierstadt.de\/wp-content\/uploads\/2024\/03\/PlakatKonzertWeb-211x300.jpg 211w, https:\/\/mgv-bierstadt.de\/wp-content\/uploads\/2024\/03\/PlakatKonzertWeb-768x1091.jpg 768w, https:\/\/mgv-bierstadt.de\/wp-content\/uploads\/2024\/03\/PlakatKonzertWeb-1082x1536.jpg 1082w, https:\/\/mgv-bierstadt.de\/wp-content\/uploads\/2024\/03\/PlakatKonzertWeb-1442x2048.jpg 1442w, https:\/\/mgv-bierstadt.de\/wp-content\/uploads\/2024\/03\/PlakatKonzertWeb-scaled.jpg 1803w\" sizes=\"(max-width: 721px) 100vw, 721px\" \/><\/a><\/figure><\/div>\n\n\n<p>25 Jahre Vokal-Ensemble \u2013 Jubil\u00e4umskonzert am 4. Mai im Kurhaus Wiesbaden<\/p>\n\n\n\n<p>F\u00fcnfundzwanzig Jahre Vokal-Ensemble, das sind f\u00fcnfundzwanzig Jahre Begeisterung f\u00fcr Musik und Engagement f\u00fcr den Chor. Das wollen wir mit euch feiern!<\/p>\n\n\n\n<p>Das gro\u00dfe Jubil\u00e4umskonzert steht unter dem Motto \u201eYour Song\u201c und findet am 4. Mai 2024 um 19 Uhr im Christian-Zais-Saal im Kurhaus Wiesbaden statt. Das Repertoire umfasst ruhige St\u00fccke von John Rutter und Elton John ebenso wie Popsongs von Queen, Ed Sheeran, Sportfreunde Stiller und Pharrell Williams.<\/p>\n\n\n\n<p>Karten gibt es zum Preis von 23 Euro im Vorverkauf bei Schreibwaren Johannbroer (Venatorstr. 6, 65191 Wiesbaden-Bierstadt), in BuchVorOrt (Poststra\u00dfe 2, 65191 Wiesbaden-Bierstadt), bei Musikalien Petroll (Marktplatz 5, 65183 Wiesbaden) sowie direkt beim MGV.<\/p>\n\n\n\n<p>Wir freuen uns auf euch!<\/p>\n\n\n\n<figure class=\"wp-block-gallery has-nested-images columns-default is-cropped wp-block-gallery-1 is-layout-flex\">\n<figure class=\"wp-block-image size-large\"><a href=\"https:\/\/mgv-bierstadt.de\/wp-content\/uploads\/2024\/03\/M.G.V.-Projektchor-07.102023_FJS2818-scaled.jpg\"><img decoding=\"async\" loading=\"lazy\" width=\"1024\" height=\"683\" data-id=\"1168\"  src=\"https:\/\/mgv-bierstadt.de\/wp-content\/uploads\/2024\/03\/M.G.V.-Projektchor-07.102023_FJS2818-1024x683.jpg\" alt=\"\" class=\"wp-image-1168\" srcset=\"https:\/\/mgv-bierstadt.de\/wp-content\/uploads\/2024\/03\/M.G.V.-Projektchor-07.102023_FJS2818-1024x683.jpg 1024w, https:\/\/mgv-bierstadt.de\/wp-content\/uploads\/2024\/03\/M.G.V.-Projektchor-07.102023_FJS2818-300x200.jpg 300w, https:\/\/mgv-bierstadt.de\/wp-content\/uploads\/2024\/03\/M.G.V.-Projektchor-07.102023_FJS2818-768x512.jpg 768w, https:\/\/mgv-bierstadt.de\/wp-content\/uploads\/2024\/03\/M.G.V.-Projektchor-07.102023_FJS2818-1536x1024.jpg 1536w, https:\/\/mgv-bierstadt.de\/wp-content\/uploads\/2024\/03\/M.G.V.-Projektchor-07.102023_FJS2818-2048x1365.jpg 2048w\" sizes=\"(max-width: 1024px) 100vw, 1024px\" \/><\/a><\/figure>\n\n\n\n<figure class=\"wp-block-image size-large\"><a href=\"https:\/\/mgv-bierstadt.de\/wp-content\/uploads\/2024\/03\/M.G.V.-Projektchor-07.102023_FJS2830-scaled.jpg\"><img decoding=\"async\" loading=\"lazy\" width=\"1024\" height=\"683\" data-id=\"1167\"  src=\"https:\/\/mgv-bierstadt.de\/wp-content\/uploads\/2024\/03\/M.G.V.-Projektchor-07.102023_FJS2830-1024x683.jpg\" alt=\"\" class=\"wp-image-1167\" srcset=\"https:\/\/mgv-bierstadt.de\/wp-content\/uploads\/2024\/03\/M.G.V.-Projektchor-07.102023_FJS2830-1024x683.jpg 1024w, https:\/\/mgv-bierstadt.de\/wp-content\/uploads\/2024\/03\/M.G.V.-Projektchor-07.102023_FJS2830-300x200.jpg 300w, https:\/\/mgv-bierstadt.de\/wp-content\/uploads\/2024\/03\/M.G.V.-Projektchor-07.102023_FJS2830-768x512.jpg 768w, https:\/\/mgv-bierstadt.de\/wp-content\/uploads\/2024\/03\/M.G.V.-Projektchor-07.102023_FJS2830-1536x1024.jpg 1536w, https:\/\/mgv-bierstadt.de\/wp-content\/uploads\/2024\/03\/M.G.V.-Projektchor-07.102023_FJS2830-2048x1365.jpg 2048w\" sizes=\"(max-width: 1024px) 100vw, 1024px\" \/><\/a><\/figure>\n\n\n\n<figure class=\"wp-block-image size-large\"><a href=\"https:\/\/mgv-bierstadt.de\/wp-content\/uploads\/2024\/03\/M.G.V.-Projektchor-07.102023_FJS2794_-scaled.jpg\"><img decoding=\"async\" loading=\"lazy\" width=\"1024\" height=\"683\" data-id=\"1166\"  src=\"https:\/\/mgv-bierstadt.de\/wp-content\/uploads\/2024\/03\/M.G.V.-Projektchor-07.102023_FJS2794_-1024x683.jpg\" alt=\"\" class=\"wp-image-1166\" srcset=\"https:\/\/mgv-bierstadt.de\/wp-content\/uploads\/2024\/03\/M.G.V.-Projektchor-07.102023_FJS2794_-1024x683.jpg 1024w, https:\/\/mgv-bierstadt.de\/wp-content\/uploads\/2024\/03\/M.G.V.-Projektchor-07.102023_FJS2794_-300x200.jpg 300w, https:\/\/mgv-bierstadt.de\/wp-content\/uploads\/2024\/03\/M.G.V.-Projektchor-07.102023_FJS2794_-768x512.jpg 768w, https:\/\/mgv-bierstadt.de\/wp-content\/uploads\/2024\/03\/M.G.V.-Projektchor-07.102023_FJS2794_-1536x1024.jpg 1536w, https:\/\/mgv-bierstadt.de\/wp-content\/uploads\/2024\/03\/M.G.V.-Projektchor-07.102023_FJS2794_-2048x1365.jpg 2048w\" sizes=\"(max-width: 1024px) 100vw, 1024px\" \/><\/a><\/figure>\n<\/figure>\n","protected":false},"excerpt":{"rendered":"<p>Programmheft zum Downloaden: Hier klicken >> 25 Jahre Vokal-Ensemble \u2013 Jubil\u00e4umskonzert am 4. Mai im Kurhaus Wiesbaden F\u00fcnfundzwanzig Jahre Vokal-Ensemble, das sind f\u00fcnfundzwanzig&#8230;<\/p>\n","protected":false},"author":1,"featured_media":1146,"parent":0,"menu_order":0,"comment_status":"closed","ping_status":"closed","template":"","meta":[],"_links":{"self":[{"href":"https:\/\/mgv-bierstadt.de\/index.php?rest_route=\/wp\/v2\/pages\/1140"}],"collection":[{"href":"https:\/\/mgv-bierstadt.de\/index.php?rest_route=\/wp\/v2\/pages"}],"about":[{"href":"https:\/\/mgv-bierstadt.de\/index.php?rest_route=\/wp\/v2\/types\/page"}],"author":[{"embeddable":true,"href":"https:\/\/mgv-bierstadt.de\/index.php?rest_route=\/wp\/v2\/users\/1"}],"replies":[{"embeddable":true,"href":"https:\/\/mgv-bierstadt.de\/index.php?rest_route=%2Fwp%2Fv2%2Fcomments&post=1140"}],"version-history":[{"count":8,"href":"https:\/\/mgv-bierstadt.de\/index.php?rest_route=\/wp\/v2\/pages\/1140\/revisions"}],"predecessor-version":[{"id":1174,"href":"https:\/\/mgv-bierstadt.de\/index.php?rest_route=\/wp\/v2\/pages\/1140\/revisions\/1174"}],"wp:featuredmedia":[{"embeddable":true,"href":"https:\/\/mgv-bierstadt.de\/index.php?rest_route=\/wp\/v2\/media\/1146"}],"wp:attachment":[{"href":"https:\/\/mgv-bierstadt.de\/index.php?rest_route=%2Fwp%2Fv2%2Fmedia&parent=1140"}],"curies":[{"name":"wp","href":"https:\/\/api.w.org\/{rel}","templated":true}]}}