{"id":1154,"date":"2024-03-12T19:53:16","date_gmt":"2024-03-12T17:53:16","guid":{"rendered":"https:\/\/mgv-bierstadt.de\/?page_id=1154"},"modified":"2024-03-12T19:53:16","modified_gmt":"2024-03-12T17:53:16","slug":"terminus-2024","status":"publish","type":"page","link":"https:\/\/mgv-bierstadt.de\/?page_id=1154","title":{"rendered":"Terminus 2024"},"content":{"rendered":"\n<p>Liebe Vereinsmitglieder, liebe S\u00e4ngerinnen und S\u00e4nger,<br>wir w\u00fcnschen Ihnen und Ihren Familien ein frohes und gesundes neues Jahr.<\/p>\n\n\n\n<p><br>Das \u00e4lteste, echteste und sch\u00f6nste Organ der Musik, das Organ, dem unsere Musik allein ihr Dasein verdankt, ist die<br>menschliche Stimme (Richard Wagner).<\/p>\n\n\n\n<p><br>Seit mehr als 140 Jahren singen die M\u00e4nner des MGV Wiesbaden-Bierstadt mit viel Freude.<br>Am 13. November 1998 haben dann 34 interessierte M\u00e4nner und Frauen einen gemischten Chor, das Vokal-<br>Ensemble, gegr\u00fcndet. Im Jahr 2023 hatte das Vokal-Ensemble damit 25-j\u00e4hriges Jubil\u00e4um.<br>Ein guter Grund zu feiern. Also haben wir kurzerhand einen Projektchor gegr\u00fcndet. Dank der gro\u00dfen Resonanz ist<br>das Vokal-Ensemble zu einem stattlichen Chor angewachsen.<br>Unser Jubil\u00e4umskonzert findet am Samstag, den 4. Mai 2024 im Christian-Zeiss-Saal des Kurhauses Wiesbaden<br>statt.<br>Wir w\u00fcrden uns freuen, sofern Sie nicht ohnehin selbst mitsingen, wenn wir Sie zu unserem Konzert begr\u00fc\u00dfen d\u00fcrfen.<br>Es lohnt sich<\/p>\n\n\n\n<p><br>Am Samstag, den 16.03.2024 findet um 19.00 Uhr unsere diesj\u00e4hrige Jahreshauptversammlung in unserem Proberaum in der Alten-Robert-Koch-Schule (Haus der Vereine), Venatorstr. 10, 65191 Wiesbaden-Bierstadt<br>statt, zu der wir Sie herzlich einladen.<\/p>\n\n\n\n<p><br><strong>TAGESORDNUNG<\/strong><\/p>\n\n\n\n<ol>\n<li>Er\u00f6ffnung und Begr\u00fc\u00dfung<br>1.1 Feststellung der Beschlussf\u00e4higkeit<\/li>\n\n\n\n<li>Berichte<br>2.1 Jahresbericht des 1. Vorsitzenden<br>2.2 Jahresbericht des 2. Vorsitzenden und Sprechers des Vokal-Ensembles<br>2.3 Kassenbericht 1. Kassiererin<br>2.4 Bericht \u00fcber die Kassenpr\u00fcfung<br>2.5 Aussprache \u00fcber die Berichte<\/li>\n\n\n\n<li>Entlastung des Vorstandes<\/li>\n\n\n\n<li>Ehrungen<\/li>\n\n\n\n<li>Neuwahlen<br>5.1. der Kassenpr\u00fcfer<\/li>\n\n\n\n<li>Vorschau auf die Vereinsjahre 2024\/2025<\/li>\n\n\n\n<li>Antr\u00e4ge<\/li>\n\n\n\n<li>Verschiedenes<\/li>\n<\/ol>\n\n\n\n<p>Die Sitzungsniederschrift der letzten Jahreshauptversammlung kann auf Wunsch eingesehen werden.<br>Antr\u00e4ge zur Jahreshauptversammlung bitten wir bis sp\u00e4testens 01.03.2024 bei unserem 1. Vorsitzenden<br>Dieter Lehnhart, Kolberger Str. 8, 65191 Wiesbaden schriftlich einzureichen. Nach diesem Termin<br>eingereichte Antr\u00e4ge k\u00f6nnen nicht mehr ber\u00fccksichtigt werden<\/p>\n\n\n\n<p>In 2024 anstehende Trauungen, silberne oder goldene Hochzeiten sowie andere feierlich Anl\u00e4sse bitten<br>wir ebenfalls bis zum 01.03.2024 bekannt zu geben.<br>Wir m\u00f6chten darauf hinweisen, dass jeweils die Verf\u00fcgbarkeit der S\u00e4ngerinnen und S\u00e4nger ber\u00fccksichtigt werden muss.<br>Zu Ihrer Information teilen wir Ihnen mit, dass der Beitragseinzug 2024 nach dem SEPA-Verfahren zum<br>15.02.2024 erfolgt.<\/p>\n\n\n\n<p><br>Herzliche Gr\u00fc\u00dfe und alles Gute<br>MGV 1883 Wiesbaden-Bierstadt e. V. &#8211; der Vorstand<br><br>Termine 2024<br>Sa 16.03. JHV<br>Mi 01.05. Maiwanderung<br>Sa 04.05. Jubil\u00e4umskonzert Vokal-Ensemble<br>Sa 03.08. MGV-Sommerfest<br>Fr 06.12. MGV-Gl\u00fchweinstand<br>Fr 20.12. Letzte Singstunde<br>Fr 27.12. G\u00e4ngler<\/p>\n","protected":false},"excerpt":{"rendered":"<p>Liebe Vereinsmitglieder, liebe S\u00e4ngerinnen und S\u00e4nger,wir w\u00fcnschen Ihnen und Ihren Familien ein frohes und gesundes neues Jahr. Das \u00e4lteste, echteste und sch\u00f6nste Organ&#8230;<\/p>\n","protected":false},"author":1,"featured_media":0,"parent":102,"menu_order":0,"comment_status":"closed","ping_status":"closed","template":"","meta":[],"_links":{"self":[{"href":"https:\/\/mgv-bierstadt.de\/index.php?rest_route=\/wp\/v2\/pages\/1154"}],"collection":[{"href":"https:\/\/mgv-bierstadt.de\/index.php?rest_route=\/wp\/v2\/pages"}],"about":[{"href":"https:\/\/mgv-bierstadt.de\/index.php?rest_route=\/wp\/v2\/types\/page"}],"author":[{"embeddable":true,"href":"https:\/\/mgv-bierstadt.de\/index.php?rest_route=\/wp\/v2\/users\/1"}],"replies":[{"embeddable":true,"href":"https:\/\/mgv-bierstadt.de\/index.php?rest_route=%2Fwp%2Fv2%2Fcomments&post=1154"}],"version-history":[{"count":2,"href":"https:\/\/mgv-bierstadt.de\/index.php?rest_route=\/wp\/v2\/pages\/1154\/revisions"}],"predecessor-version":[{"id":1156,"href":"https:\/\/mgv-bierstadt.de\/index.php?rest_route=\/wp\/v2\/pages\/1154\/revisions\/1156"}],"up":[{"embeddable":true,"href":"https:\/\/mgv-bierstadt.de\/index.php?rest_route=\/wp\/v2\/pages\/102"}],"wp:attachment":[{"href":"https:\/\/mgv-bierstadt.de\/index.php?rest_route=%2Fwp%2Fv2%2Fmedia&parent=1154"}],"curies":[{"name":"wp","href":"https:\/\/api.w.org\/{rel}","templated":true}]}}