{"id":1209,"date":"2025-05-04T17:23:40","date_gmt":"2025-05-04T15:23:40","guid":{"rendered":"https:\/\/mgv-bierstadt.de\/?page_id=1209"},"modified":"2025-05-04T17:29:28","modified_gmt":"2025-05-04T15:29:28","slug":"maiveranstaltung-des-mgv","status":"publish","type":"page","link":"https:\/\/mgv-bierstadt.de\/?page_id=1209","title":{"rendered":"Maiveranstaltung des MGV"},"content":{"rendered":"\n<div class=\"wp-block-media-text alignwide is-stacked-on-mobile\" style=\"grid-template-columns:35% auto\"><figure class=\"wp-block-media-text__media\"><img decoding=\"async\" loading=\"lazy\" width=\"724\" height=\"1024\" src=\"https:\/\/mgv-bierstadt.de\/wp-content\/uploads\/2025\/05\/MaisingenPlakat-1-724x1024.png\" alt=\"Plakat: MGV-Maisingen mit Weck, Worscht und Woi am Samstag, 10.05.2025 ab 17 Uhr auf dem Pfarrer-Ruhl-Platz vor der evangelischen Kirche in Wiesbaden-Bierstadt\" class=\"wp-image-1210 size-full\" srcset=\"https:\/\/mgv-bierstadt.de\/wp-content\/uploads\/2025\/05\/MaisingenPlakat-1-724x1024.png 724w, https:\/\/mgv-bierstadt.de\/wp-content\/uploads\/2025\/05\/MaisingenPlakat-1-212x300.png 212w, https:\/\/mgv-bierstadt.de\/wp-content\/uploads\/2025\/05\/MaisingenPlakat-1-768x1086.png 768w, https:\/\/mgv-bierstadt.de\/wp-content\/uploads\/2025\/05\/MaisingenPlakat-1-1086x1536.png 1086w, https:\/\/mgv-bierstadt.de\/wp-content\/uploads\/2025\/05\/MaisingenPlakat-1-1448x2048.png 1448w\" sizes=\"(max-width: 724px) 100vw, 724px\" \/><\/figure><div class=\"wp-block-media-text__content\">\n<p class=\"has-large-font-size\">Herzliche Einladung!<\/p>\n\n\n\n<p class=\"has-medium-font-size\">Am Samstag, den 10. Mai 2025, l\u00e4dt der MGV 1883 Wiesbaden-Bierstadt e. V. zur diesj\u00e4hrigen Maiveranstaltung ein. Ab 17 Uhr wird auf dem Pfarrer-Ruhl-Platz vor der evangelischen Kirche in Wiesbaden-Bierstadt gefeiert.<\/p>\n\n\n\n<p class=\"has-medium-font-size\">Unter dem Motto \u201eWeck, Worscht und Woi\u201c k\u00f6nnen sich die G\u00e4ste auf hei\u00dfe Fleischwurst mit Br\u00f6tchen sowie auf leckere, regionale Weine freuen. Auch die traditionelle Maibowle darf nat\u00fcrlich nicht fehlen.<\/p>\n\n\n\n<p class=\"has-medium-font-size\">Um 18 Uhr pr\u00e4sentieren die S\u00e4ngerinnen und S\u00e4nger des MGV unter der Leitung von Arnulf Reinhardt Lieder aus ihrem aktuellen Repertoire und er\u00f6ffnen damit den musikalischen Teil des Abends.<\/p>\n<\/div><\/div>\n","protected":false},"excerpt":{"rendered":"<p>Herzliche Einladung! Am Samstag, den 10. Mai 2025, l\u00e4dt der MGV 1883 Wiesbaden-Bierstadt e. V. zur diesj\u00e4hrigen Maiveranstaltung ein. Ab 17 Uhr wird&#8230;<\/p>\n","protected":false},"author":2,"featured_media":0,"parent":1154,"menu_order":1,"comment_status":"closed","ping_status":"closed","template":"","meta":[],"_links":{"self":[{"href":"https:\/\/mgv-bierstadt.de\/index.php?rest_route=\/wp\/v2\/pages\/1209"}],"collection":[{"href":"https:\/\/mgv-bierstadt.de\/index.php?rest_route=\/wp\/v2\/pages"}],"about":[{"href":"https:\/\/mgv-bierstadt.de\/index.php?rest_route=\/wp\/v2\/types\/page"}],"author":[{"embeddable":true,"href":"https:\/\/mgv-bierstadt.de\/index.php?rest_route=\/wp\/v2\/users\/2"}],"replies":[{"embeddable":true,"href":"https:\/\/mgv-bierstadt.de\/index.php?rest_route=%2Fwp%2Fv2%2Fcomments&post=1209"}],"version-history":[{"count":1,"href":"https:\/\/mgv-bierstadt.de\/index.php?rest_route=\/wp\/v2\/pages\/1209\/revisions"}],"predecessor-version":[{"id":1211,"href":"https:\/\/mgv-bierstadt.de\/index.php?rest_route=\/wp\/v2\/pages\/1209\/revisions\/1211"}],"up":[{"embeddable":true,"href":"https:\/\/mgv-bierstadt.de\/index.php?rest_route=\/wp\/v2\/pages\/1154"}],"wp:attachment":[{"href":"https:\/\/mgv-bierstadt.de\/index.php?rest_route=%2Fwp%2Fv2%2Fmedia&parent=1209"}],"curies":[{"name":"wp","href":"https:\/\/api.w.org\/{rel}","templated":true}]}}