{"id":4,"date":"2014-08-03T18:30:13","date_gmt":"2014-08-03T16:30:13","guid":{"rendered":"http:\/\/mgv-bierstadt.de\/wordpress\/?page_id=4"},"modified":"2025-08-15T16:57:00","modified_gmt":"2025-08-15T14:57:00","slug":"choere","status":"publish","type":"page","link":"https:\/\/mgv-bierstadt.de\/?page_id=4","title":{"rendered":"Ch\u00f6re"},"content":{"rendered":"<h3><b>Der M\u00e4nnerchor<\/b><\/h3>\n<p><a href=\"http:\/\/mgv-bierstadt.de\/wp-content\/uploads\/2014\/08\/DSC_0083-Kopie.jpg\"><img decoding=\"async\" loading=\"lazy\" class=\"wp-image-378 size-full alignleft\" src=\"http:\/\/mgv-bierstadt.de\/wp-content\/uploads\/2014\/08\/DSC_0083-Kopie.jpg\" alt=\"\" width=\"300\" height=\"189\" \/><\/a>Ein Chor mit S\u00e4ngern aller Altersklassen.<\/p>\n<p>\u201eVorsingen\u201d muss bei uns niemand, auch wenn er noch nie gesungen hat. Denn jeder kann ein Chors\u00e4nger sein.<\/p>\n<p>Unser M\u00e4nnerchor besitzt ein sehr breites und anspruchsvolles Repertoire. Ob Klassik, Traditionelles oder Modernes. Wir sind auch nicht oft mit dem \u201eJ\u00e4ger aus Kurpfalz\u201d unterwegs und fahren nur selten \u201eHoch auf dem gelben Wagen\u201d mit.<\/p>\n<ul>\n<li>Freitags probt der M\u00e4nnerchor ab 19.45 Uhr im Haus der Vereine (Alte Robert-Koch-Schule neben der evangelischen Kirche\/Marktplatz), Venatorstra\u00dfe 10 in 65191\u00a0Wiesbaden-Bierstadt.<\/li>\n<\/ul>\n<h3><\/h3>\n<h3><strong>Das Vokal-Ensemble<\/strong><\/h3>\n<p><a href=\"http:\/\/mgv-bierstadt.de\/wp-content\/uploads\/2014\/08\/P1050869n.jpg\"><img decoding=\"async\" loading=\"lazy\" class=\"alignleft wp-image-341 size-medium\" src=\"http:\/\/mgv-bierstadt.de\/wp-content\/uploads\/2014\/08\/P1050869n-300x225.jpg\" alt=\"\" width=\"300\" height=\"225\" srcset=\"https:\/\/mgv-bierstadt.de\/wp-content\/uploads\/2014\/08\/P1050869n-300x225.jpg 300w, https:\/\/mgv-bierstadt.de\/wp-content\/uploads\/2014\/08\/P1050869n.jpg 750w\" sizes=\"(max-width: 300px) 100vw, 300px\" \/><\/a>Einmal mit Singen probieren, auch wenn Singen im Chor bisher kein Thema war?<\/p>\n<p>Bei uns gibt es kein \u201eVorsingen\u201d, um im gemischten Vokal-Ensemble dabei zu sein. Jeder ist willkommen.<\/p>\n<p>Wir singen Klassik, Gospels, Spirituals und Pop. Also alles, was interessant ist und Spa\u00df macht. Jeder der gerne singt oder auch noch nie gesungen hat, es aber einfach mal probieren m\u00f6chte, kann jederzeit bei uns im gemischten Chor mitmachen. Zusammen mit zur Zeit etwa 46 S\u00e4ngerinnen und 13 S\u00e4ngern.<\/p>\n<ul>\n<li>Die Proben des Vokal-Ensembles sind immer freitags von 18.00 Uhr bis 19.30 Uhr \u2013 vor dem M\u00e4nnerchor \u2013 im Haus der Vereine (Alte Robert-Koch-Schule neben der evangelischen Kirche\/Marktplatz), Venatorstra\u00dfe 10 in 65191\u00a0Wiesbaden-Bierstadt.<\/li>\n<\/ul>\n<p><a href=\"http:\/\/mgv-bierstadt.de\/?page_id=670\">Chronik Vokal-Ensemble<\/a><\/p>\n","protected":false},"excerpt":{"rendered":"<p>Der M\u00e4nnerchor Ein Chor mit S\u00e4ngern aller Altersklassen. \u201eVorsingen\u201d muss bei uns niemand, auch wenn er noch nie gesungen hat. Denn jeder kann&#8230;<\/p>\n","protected":false},"author":1,"featured_media":341,"parent":0,"menu_order":0,"comment_status":"closed","ping_status":"closed","template":"","meta":[],"_links":{"self":[{"href":"https:\/\/mgv-bierstadt.de\/index.php?rest_route=\/wp\/v2\/pages\/4"}],"collection":[{"href":"https:\/\/mgv-bierstadt.de\/index.php?rest_route=\/wp\/v2\/pages"}],"about":[{"href":"https:\/\/mgv-bierstadt.de\/index.php?rest_route=\/wp\/v2\/types\/page"}],"author":[{"embeddable":true,"href":"https:\/\/mgv-bierstadt.de\/index.php?rest_route=\/wp\/v2\/users\/1"}],"replies":[{"embeddable":true,"href":"https:\/\/mgv-bierstadt.de\/index.php?rest_route=%2Fwp%2Fv2%2Fcomments&post=4"}],"version-history":[{"count":19,"href":"https:\/\/mgv-bierstadt.de\/index.php?rest_route=\/wp\/v2\/pages\/4\/revisions"}],"predecessor-version":[{"id":1226,"href":"https:\/\/mgv-bierstadt.de\/index.php?rest_route=\/wp\/v2\/pages\/4\/revisions\/1226"}],"wp:featuredmedia":[{"embeddable":true,"href":"https:\/\/mgv-bierstadt.de\/index.php?rest_route=\/wp\/v2\/media\/341"}],"wp:attachment":[{"href":"https:\/\/mgv-bierstadt.de\/index.php?rest_route=%2Fwp%2Fv2%2Fmedia&parent=4"}],"curies":[{"name":"wp","href":"https:\/\/api.w.org\/{rel}","templated":true}]}}