{"id":696,"date":"2018-11-01T19:40:37","date_gmt":"2018-11-01T17:40:37","guid":{"rendered":"http:\/\/mgv-bierstadt.de\/?page_id=696"},"modified":"2018-11-01T19:53:59","modified_gmt":"2018-11-01T17:53:59","slug":"datenschutzerklaerung","status":"publish","type":"page","link":"https:\/\/mgv-bierstadt.de\/?page_id=696","title":{"rendered":"Datenschutzerkl\u00e4rung"},"content":{"rendered":"<p>&nbsp;<\/p>\n<h2>Datenschutzerkl\u00e4rung<\/h2>\n<p>Wir nehmen den Schutz Ihrer pers\u00f6nlichen Daten ernst und m\u00f6chten, dass Sie sich beim Besuch unserer Internetseiten sicher f\u00fchlen. Bei Fragen oder Anregungen zum Thema Datenschutz schicken Sie uns bitte eine E-Mail \u00fcber die Seite <a href=\"http:\/\/mgv-bierstadt.de\/?p=41\">\u201eAnsprechpartner\u201c<\/a> oder <a href=\"http:\/\/mgv-bierstadt.de\/?page_id=86\">\u201eImpressum\u201c<\/a>.<\/p>\n<p><strong>Erfassung allgemeiner Informationen<\/strong><\/p>\n<p>Wenn Sie auf unsere Website zugreifen, werden automatisch Informationen allgemeiner Natur erfasst. Diese Informationen (Server-Logfiles) beinhalten etwa die Art des Web\u00adbrowsers, das verwendete Betriebssystem, den Domainnamen Ihres Internet Service Providers und \u00c4hnliches. Hierbei handelt es sich ausschlie\u00dflich um Informationen, welche keine R\u00fcckschl\u00fcsse auf Ihre Person zulassen. Diese Informationen sind technisch notwen\u00addig, um von Ihnen angeforderte Inhalte von Websites korrekt auszuliefern und fallen bei Nutzung des Internets zwingend an. Anonyme Informationen dieser Art werden von uns statistisch ausgewertet, um unseren Internetauftritt und die dahinter stehende Technik zu optimieren.<br \/>\nBeim Aufruf einzelner Seiten werden so genannte tempor\u00e4re Cookies verwendet, um die Navigation zu erleichtern. Diese Session Cookies verfallen nach Ablauf der Sitzung und beinhalten keine personenbezogenen Daten, d. h. die Inhalte der Cookies werden nicht nutzerbezogen ausgewertet. Wir erheben grunds\u00e4tzlich nur anonyme Daten wie zum Beispiel die Website, von der aus Sie uns besuchen, Ihren Internet Service Provider und die Seiten, die Sie bei uns aufgerufen haben.<\/p>\n<p><strong>Erfassung personenbezogener Daten<\/strong><\/p>\n<p>Wir erfassen von allgemeinen Nutzern dieser Website keine personenbezogenen Daten.<\/p>\n<p>Auf der Seite <a href=\"http:\/\/mgv-bierstadt.de\/?p=41\">\u201eAnsprechpartner\u201c<\/a> werden Vor- und Nachname, Position im Vorstand, die Telefonnummer, die E-Mailadresse sowie die Adressdaten von Vorstands\u00admitgliedern und des Chorleiters sowie des Webmasters zum Zwecke der Kontaktaufnahme von Nutzern mit dem MGV 1883 Wiesbaden-Bierstadt e. V. (nachfolgend Verein) ver\u00f6ffent\u00adlicht.<\/p>\n<p>Es findet keine personenbezogene Verwertung der Logfiles statt. Personenbezogene Daten sind Informationen, die dazu genutzt werden k\u00f6nnen, Ihre Identit\u00e4t zu erfahren. Darunter fallen Informationen wie Ihr richtiger Name, Adresse, Postanschrift, Telefonnummer. Wenn Sie uns eine E-Mail zusenden, k\u00f6nnen wir Ihnen zum Beispiel durch diese Angaben eine Antwort zukommen lassen. Grunds\u00e4tzlich erfolgen alle personenbezogenen Angaben auf der Website des Vereins auf freiwilliger Basis. Es steht jedem frei, Angaben auf dieser Seite zu verweigern.<\/p>\n<p><strong>Urheberrecht<\/strong><\/p>\n<p>Texte, Bilder und Grafiken einschlie\u00dflich deren Anordnung auf den Websites des Vereins unterliegen dem Schutz des Urheberrechts. Der Verein gestattet die \u00dcbernahme von Texten in Datenbest\u00e4nde, die ausschlie\u00dflich f\u00fcr den privaten Gebrauch eines Nutzers bestimmt sind. Die \u00dcbernahme und Nutzung der Texte, Bilder und Grafiken zu anderen Zwecken bed\u00fcrfen der schriftlichen Zustimmung des Vereins. Bitte wenden Sie sich \u00fcber unsere Seiten <a href=\"http:\/\/mgv-bierstadt.de\/?p=41\">\u201eAnsprechpartner\u201c<\/a> oder <a href=\"http:\/\/mgv-bierstadt.de\/?page_id=86\">\u201eImpressum\u201c<\/a> an uns. Soweit Inhalte zul\u00e4ssigerweise gespeichert, vervielf\u00e4ltigt oder verbreitet werden, muss auf das Urheber\u00adrecht der Websites des Vereins bzw. der jeweiligen Copyright-Inhaber hingewiesen werden.<\/p>\n<p>Die Websites des Vereins, das Logo der Website des Vereins und der Domain-Name genie\u00dfen namensrechtlichen Schutz.<\/p>\n<p>Wer das Urheber-, Marken- oder Namensrecht verletzt, muss mit der Geltendmachung von Unterlassungs- und Schadensersatzanspr\u00fcchen durch den Rechteinhaber, bei Verletzungen des Urheber- und Markenrechts auch mit Strafverfolgung rechnen.<\/p>\n<p><strong>Verantwortung\/Haftung<\/strong><\/p>\n<p>Die Websites des Vereines stellen alle Informationen und Bestandteile der Internetseite nach bestem Wissen und Gewissen zusammen. Eine Haftung oder Garantie f\u00fcr die Aktualit\u00e4t, Richtigkeit und Vollst\u00e4ndigkeit der zur Verf\u00fcgung gestellten Informationen kann nicht \u00fcber\u00adnommen werden. Ebenso wenig haftet der Verein f\u00fcr etwaige Sch\u00e4den, die beim Abrufen oder Herunterladen von Daten aus dieser Internetseite durch Computerviren verursacht werden.<\/p>\n<p><strong>Verweise auf Internetseiten Dritter<\/strong><\/p>\n<p>Im Rahmen unseres Dienstes werden auch Links zu Internetinhalten anderer Anbieter bereitgestellt. Auf den Inhalt dieser Seiten haben wir keinen Einfluss; f\u00fcr den Inhalt ist ausschlie\u00dflich der Betreiber der anderen Website verantwortlich. Trotz \u00dcberpr\u00fcfung der Inhalte im gesetzlich gebotenen Rahmen m\u00fcssen wir daher jede Verantwortung f\u00fcr den Inhalt dieser Links bzw. der verlinkten Seite ablehnen.<\/p>\n<p><strong>Geltung von Nutzungsbedingungen<\/strong><\/p>\n<p>Der Haftungsausschluss und die Nutzungsbedingungen sind als Teil des Internetangebotes der Websites des Vereins zu betrachten. Sofern Teile oder einzelne Formulierungen dieses Textes der geltenden Rechtslage nicht, nicht mehr oder nicht vollst\u00e4ndig entsprechen sollten, bleiben die \u00fcbrigen Teile des Dokuments in ihrem Inhalt und ihrer G\u00fcltigkeit davon unber\u00fchrt.<\/p>\n<p><strong>\u00c4nderung unserer Datenschutzbestimmungen<\/strong><\/p>\n<p>Wir behalten uns vor, diese Datenschutzerkl\u00e4rung gelegentlich anzupassen, damit sie stets den aktuellen rechtlichen Anforderungen entspricht.<\/p>\n<p>&nbsp;<\/p>\n<h5>Stand: Oktober 2018<\/h5>\n","protected":false},"excerpt":{"rendered":"<p>&nbsp; Datenschutzerkl\u00e4rung Wir nehmen den Schutz Ihrer pers\u00f6nlichen Daten ernst und m\u00f6chten, dass Sie sich beim Besuch unserer Internetseiten sicher f\u00fchlen. Bei Fragen&#8230;<\/p>\n","protected":false},"author":1,"featured_media":0,"parent":0,"menu_order":0,"comment_status":"closed","ping_status":"closed","template":"","meta":[],"_links":{"self":[{"href":"https:\/\/mgv-bierstadt.de\/index.php?rest_route=\/wp\/v2\/pages\/696"}],"collection":[{"href":"https:\/\/mgv-bierstadt.de\/index.php?rest_route=\/wp\/v2\/pages"}],"about":[{"href":"https:\/\/mgv-bierstadt.de\/index.php?rest_route=\/wp\/v2\/types\/page"}],"author":[{"embeddable":true,"href":"https:\/\/mgv-bierstadt.de\/index.php?rest_route=\/wp\/v2\/users\/1"}],"replies":[{"embeddable":true,"href":"https:\/\/mgv-bierstadt.de\/index.php?rest_route=%2Fwp%2Fv2%2Fcomments&post=696"}],"version-history":[{"count":5,"href":"https:\/\/mgv-bierstadt.de\/index.php?rest_route=\/wp\/v2\/pages\/696\/revisions"}],"predecessor-version":[{"id":703,"href":"https:\/\/mgv-bierstadt.de\/index.php?rest_route=\/wp\/v2\/pages\/696\/revisions\/703"}],"wp:attachment":[{"href":"https:\/\/mgv-bierstadt.de\/index.php?rest_route=%2Fwp%2Fv2%2Fmedia&parent=696"}],"curies":[{"name":"wp","href":"https:\/\/api.w.org\/{rel}","templated":true}]}}