{"id":86,"date":"2014-08-10T18:48:38","date_gmt":"2014-08-10T16:48:38","guid":{"rendered":"http:\/\/mgv-bierstadt.de\/wordpress\/?page_id=86"},"modified":"2025-08-15T16:49:09","modified_gmt":"2025-08-15T14:49:09","slug":"impressum","status":"publish","type":"page","link":"https:\/\/mgv-bierstadt.de\/?page_id=86","title":{"rendered":"Impressum"},"content":{"rendered":"<h2>Impressum<\/h2>\n<p>Anschrift:<br \/>\nM\u00e4nnergesangverein 1883 Wiesbaden-Bierstadt e. V.<br \/>\nc\/o Dieter Lehnhart (1. Vorsitzender)<br \/>\nKolberger Stra\u00dfe 8<br \/>\n65191 Wiesbaden<br \/>\nTelefon: <a href=\"http:\/\/mgv-bierstadt.de\/?p=41\">Link<\/a><\/p>\n<p><a href=\"https:\/\/mgv-bierstadt.de\/wp-content\/uploads\/2020\/08\/e-Mail.jpg\">\u00a0\u00a0<img decoding=\"async\" loading=\"lazy\" class=\"alignnone size-full wp-image-871\" src=\"https:\/\/mgv-bierstadt.de\/wp-content\/uploads\/2020\/08\/e-Mail.jpg\" alt=\"\" width=\"261\" height=\"118\" \/><\/a><\/p>\n<ul>\n<li>Vertretungsberechtigter Vorstand:<br \/>\nDieter Lehnhart<br \/>\nMartin Schmidt<br \/>\nUrsula Maier<br \/>\nAnita Linster<\/li>\n<\/ul>\n<ul>\n<li>Bankverbindung:<br \/>\nWiesbadener Volksbank<br \/>\nIBAN: DE02 5109 0000 0004 5225 08<br \/>\nBIC: WIBADE5W<\/li>\n<\/ul>\n<ul>\n<li>Steuernummer: 040 250 80833<\/li>\n<\/ul>\n<ul>\n<li>Eintrag im Vereinsregister beim Amtsgericht Wiesbaden:\u00a0Nummer 1718<\/li>\n<\/ul>\n<p><strong>Haftungshinweis<\/strong><br \/>\nDer Autor dieser Websites ist bestrebt, die hier angebotenen Informationen nach bestem Wissen und Gewissen vollst\u00e4ndig und richtig darzustellen und aktuell zu halten. Dennoch kann er keinerlei Haftung f\u00fcr Sch\u00e4den \u00fcbernehmen, die sich aus der Nutzung der ange\u00adbotenen Informationen ergeben k\u00f6nnen \u2013 auch wenn diese auf die Nutzung von allenfalls unvollst\u00e4ndigen bzw. fehlerhaften Informationen zur\u00fcckzuf\u00fchren sind. Verweise auf fremde Websites liegen au\u00dferhalb des Verantwortungsbereiches des Autors. Eine Haftung f\u00fcr die Inhalte von verlinkten Seiten ist ausgeschlossen, zumal der Autor keinen Einfluss auf Inhalte und Gestaltung von gelinkten Seiten hat. F\u00fcr Inhalte von Seiten, auf die von dieser Home\u00adpage verwiesen wird, haftet somit allein der Anbieter dieser fremden Websites \u2013 niemals jedoch derjenige, der durch einen Link auf fremde Publikationen und Inhalte verweist. Sollten gelinkte Seiten (insbesondere durch Ver\u00e4nderung der Inhalte nach dem Setzen des Links) illegale, fehlerhafte, unvollst\u00e4ndige, beleidigende oder sittenwidrige Informationen beinhalten und wird der Autor dieser Seite auf derartige Inhalte von gelinkten Seiten aufmerksam, so wird er einen Link auf derartige Seiten unverz\u00fcglich unterbinden.<\/p>\n<p><strong>Urheberrecht<\/strong><br \/>\nDie vom Autor selbst erstellten Inhalte dieser Seiten sind urheberrechtlich gesch\u00fctzt. Die Informationen sind nur f\u00fcr die pers\u00f6nliche Verwendung bestimmt. Jede dem Urheberrecht widersprechende Verwendung der Inhalte dieser Websites, die weitergehende Nutzung wie beispielsweise die Ver\u00f6ffentlichung, Vervielf\u00e4ltigung und jede Form von gewerblicher Nutzung sowie die Weitergabe an Dritte \u2013 auch in Teilen oder in \u00fcberarbeiteter Form \u2013 ohne ausdr\u00fcckliche Zustimmung des Autors ist untersagt.<\/p>\n<p><strong>Informationsinhalt<\/strong><br \/>\nDie Informationen dieser Websites k\u00f6nnen ohne vorherige Ank\u00fcndigung ge\u00e4ndert, entfernt oder erg\u00e4nzt werden. Der Autor kann daher keine Garantie f\u00fcr die Korrektheit, Vollst\u00e4ndig\u00adkeit oder Qualit\u00e4t und letzte Aktualit\u00e4t der bereitgestellten Informationen geben.<\/p>\n<p><strong>Rechtswirksamkeit<\/strong><\/p>\n<p>Durch Nutzung dieser Websites unterliegt der Nutzer den gegenst\u00e4ndlichen Benutzungs\u00adbedingungen. Diese sind Teil des Internet-Angebots. Sofern Teile oder einzelne Formulie\u00adrungen der Benutzungsbedingungen der geltenden Rechtslage nicht, nicht mehr oder nicht vollst\u00e4ndig entsprechen sollten, bleiben die \u00fcbrigen Teile der Benutzungsbedingungen in ihrem Inhalt und ihrer G\u00fcltigkeit davon unber\u00fchrt.<\/p>\n","protected":false},"excerpt":{"rendered":"<p>Impressum Anschrift: M\u00e4nnergesangverein 1883 Wiesbaden-Bierstadt e. V. c\/o Dieter Lehnhart (1. Vorsitzender) Kolberger Stra\u00dfe 8 65191 Wiesbaden Telefon: Link \u00a0\u00a0 Vertretungsberechtigter Vorstand: Dieter&#8230;<\/p>\n","protected":false},"author":1,"featured_media":0,"parent":0,"menu_order":0,"comment_status":"closed","ping_status":"closed","template":"","meta":[],"_links":{"self":[{"href":"https:\/\/mgv-bierstadt.de\/index.php?rest_route=\/wp\/v2\/pages\/86"}],"collection":[{"href":"https:\/\/mgv-bierstadt.de\/index.php?rest_route=\/wp\/v2\/pages"}],"about":[{"href":"https:\/\/mgv-bierstadt.de\/index.php?rest_route=\/wp\/v2\/types\/page"}],"author":[{"embeddable":true,"href":"https:\/\/mgv-bierstadt.de\/index.php?rest_route=\/wp\/v2\/users\/1"}],"replies":[{"embeddable":true,"href":"https:\/\/mgv-bierstadt.de\/index.php?rest_route=%2Fwp%2Fv2%2Fcomments&post=86"}],"version-history":[{"count":21,"href":"https:\/\/mgv-bierstadt.de\/index.php?rest_route=\/wp\/v2\/pages\/86\/revisions"}],"predecessor-version":[{"id":1221,"href":"https:\/\/mgv-bierstadt.de\/index.php?rest_route=\/wp\/v2\/pages\/86\/revisions\/1221"}],"wp:attachment":[{"href":"https:\/\/mgv-bierstadt.de\/index.php?rest_route=%2Fwp%2Fv2%2Fmedia&parent=86"}],"curies":[{"name":"wp","href":"https:\/\/api.w.org\/{rel}","templated":true}]}}